{"id":5084,"date":"2025-12-20T08:58:11","date_gmt":"2025-12-20T07:58:11","guid":{"rendered":"https:\/\/paulemarrot.com\/?post_type=product&#038;p=5084"},"modified":"2025-12-20T09:11:13","modified_gmt":"2025-12-20T08:11:13","slug":"art-encadre-blackandwhiteabstract","status":"publish","type":"product","link":"https:\/\/paulemarrot.com\/en\/product\/art-encadre-blackandwhiteabstract\/","title":{"rendered":"Art encadr\u00e9 &#8211; Black and white abstract"},"content":{"rendered":"<p>Cette \u0153uvre <strong>Art encadr\u00e9 \u2013 Black and White Abstract<\/strong> fait partie de la <strong>collection Alpes 2026<\/strong> de Paule Marrot.<\/p>\n<p>\u00c0 travers une composition abstraite en noir et blanc, elle exprime une esth\u00e9tique graphique puissante, \u00e0 la fois contemporaine et intemporelle.<\/p>\n<p>L\u2019\u0153uvre originale <em>\u00ab Black and White Abstract \u00bb<\/em> pr\u00e9sente une <strong>image de 130 \u00d7 101 cm.\u00a0<\/strong>Ce format est disponible sans le cadre.<\/p>\n<p>Le format final mise en valeur dans un <strong>cadre bo\u00eete en acrylique <\/strong>atteint <strong>137 \u00d7 107 cm<\/strong>, cr\u00e9ant un effet de relief remarquable et une pr\u00e9sence visuelle forte sur le mur.<\/p>\n<p>Pens\u00e9e comme une pi\u00e8ce ma\u00eetresse de d\u00e9coration, cette cr\u00e9ation structure l\u2019espace, capte le regard et r\u00e9v\u00e8le toute la modernit\u00e9 du langage artistique de Paule Marrot.<\/p>\n<p>Elle s\u2019adresse aux amateurs d\u2019art encadr\u00e9 et de design graphique \u00e0 la recherche d\u2019une \u0153uvre \u00e0 fort impact visuel.<\/p>\n","protected":false},"excerpt":{"rendered":"<p>Art encadr\u00e9 abstrait noir et blanc de Paule Marrot, collection Alpes 2026.<\/p>\n<p>Image 130 \u00d7 101 cm, format final 137 \u00d7 107 cm, cadre bo\u00eete acrylique \u00e0 profondeur exceptionnelle.<\/p>\n","protected":false},"featured_media":5085,"template":"","meta":{"neve_meta_sidebar":"","neve_meta_container":"","neve_meta_enable_content_width":"off","neve_meta_content_width":100,"neve_meta_title_alignment":"","neve_meta_author_avatar":"","neve_post_elements_order":"","neve_meta_disable_header":"","neve_meta_disable_footer":"","neve_meta_disable_title":""},"product_cat":[194,19,84],"product_tag":[],"class_list":{"0":"post-5084","1":"product","2":"type-product","3":"status-publish","4":"has-post-thumbnail","6":"product_cat-collections-alpes","7":"product_cat-maison","8":"product_cat-art-encadre","9":"product_shipping_class-colis-lourds-superieur-5kg","11":"first","12":"instock","13":"taxable","14":"shipping-taxable","15":"product-type-variable"},"yoast_head":"<!-- This site is optimized with the Yoast SEO plugin v27.5 - https:\/\/yoast.com\/product\/yoast-seo-wordpress\/ -->\n<title>Art encadr\u00e9 - Black and white abstract - Paule Marrot<\/title>\n<meta name=\"description\" content=\"Black and White Abstract de Paule Marrot, collection Alpes 2026. \u0152uvre abstraite noir et blanc, 137 \u00d7 107 cm, cadre acrylique profond.\" \/>\n<meta name=\"robots\" content=\"index, follow, max-snippet:-1, max-image-preview:large, max-video-preview:-1\" \/>\n<link rel=\"canonical\" href=\"https:\/\/paulemarrot.com\/produit\/art-encadre-blackandwhiteabstract\/\" \/>\n<meta property=\"og:locale\" content=\"en_US\" \/>\n<meta property=\"og:type\" content=\"article\" \/>\n<meta property=\"og:title\" content=\"Art encadr\u00e9 - Black and white abstract - Paule Marrot\" \/>\n<meta property=\"og:description\" content=\"Black and White Abstract de Paule Marrot, collection Alpes 2026. \u0152uvre abstraite noir et blanc, 137 \u00d7 107 cm, cadre acrylique profond.\" \/>\n<meta property=\"og:url\" content=\"https:\/\/paulemarrot.com\/produit\/art-encadre-blackandwhiteabstract\/\" \/>\n<meta property=\"og:site_name\" content=\"Paule Marrot\" \/>\n<meta property=\"article:modified_time\" content=\"2025-12-20T08:11:13+00:00\" \/>\n<meta property=\"og:image\" content=\"https:\/\/paulemarrot.com\/wp-content\/uploads\/2025\/12\/Photoroom_20251220_081019.png\" \/>\n\t<meta property=\"og:image:width\" content=\"1024\" \/>\n\t<meta property=\"og:image:height\" content=\"1024\" \/>\n\t<meta property=\"og:image:type\" content=\"image\/png\" \/>\n<meta name=\"twitter:card\" content=\"summary_large_image\" \/>\n<meta name=\"twitter:label1\" content=\"Est. reading time\" \/>\n\t<meta name=\"twitter:data1\" content=\"1 minute\" \/>\n<script type=\"application\/ld+json\" class=\"yoast-schema-graph\">{\"@context\":\"https:\\\/\\\/schema.org\",\"@graph\":[{\"@type\":\"WebPage\",\"@id\":\"https:\\\/\\\/paulemarrot.com\\\/produit\\\/art-encadre-blackandwhiteabstract\\\/\",\"url\":\"https:\\\/\\\/paulemarrot.com\\\/produit\\\/art-encadre-blackandwhiteabstract\\\/\",\"name\":\"Art encadr\u00e9 - Black and white abstract - Paule Marrot\",\"isPartOf\":{\"@id\":\"https:\\\/\\\/paulemarrot.com\\\/#website\"},\"primaryImageOfPage\":{\"@id\":\"https:\\\/\\\/paulemarrot.com\\\/produit\\\/art-encadre-blackandwhiteabstract\\\/#primaryimage\"},\"image\":{\"@id\":\"https:\\\/\\\/paulemarrot.com\\\/produit\\\/art-encadre-blackandwhiteabstract\\\/#primaryimage\"},\"thumbnailUrl\":\"https:\\\/\\\/paulemarrot.com\\\/wp-content\\\/uploads\\\/2025\\\/12\\\/Photoroom_20251220_081019.png\",\"datePublished\":\"2025-12-20T07:58:11+00:00\",\"dateModified\":\"2025-12-20T08:11:13+00:00\",\"description\":\"Black and White Abstract de Paule Marrot, collection Alpes 2026. \u0152uvre abstraite noir et blanc, 137 \u00d7 107 cm, cadre acrylique profond.\",\"breadcrumb\":{\"@id\":\"https:\\\/\\\/paulemarrot.com\\\/produit\\\/art-encadre-blackandwhiteabstract\\\/#breadcrumb\"},\"inLanguage\":\"en-US\",\"potentialAction\":[{\"@type\":\"ReadAction\",\"target\":[\"https:\\\/\\\/paulemarrot.com\\\/produit\\\/art-encadre-blackandwhiteabstract\\\/\"]}]},{\"@type\":\"ImageObject\",\"inLanguage\":\"en-US\",\"@id\":\"https:\\\/\\\/paulemarrot.com\\\/produit\\\/art-encadre-blackandwhiteabstract\\\/#primaryimage\",\"url\":\"https:\\\/\\\/paulemarrot.com\\\/wp-content\\\/uploads\\\/2025\\\/12\\\/Photoroom_20251220_081019.png\",\"contentUrl\":\"https:\\\/\\\/paulemarrot.com\\\/wp-content\\\/uploads\\\/2025\\\/12\\\/Photoroom_20251220_081019.png\",\"width\":1024,\"height\":1024},{\"@type\":\"BreadcrumbList\",\"@id\":\"https:\\\/\\\/paulemarrot.com\\\/produit\\\/art-encadre-blackandwhiteabstract\\\/#breadcrumb\",\"itemListElement\":[{\"@type\":\"ListItem\",\"position\":1,\"name\":\"Store\",\"item\":\"https:\\\/\\\/paulemarrot.com\\\/store\\\/\"},{\"@type\":\"ListItem\",\"position\":2,\"name\":\"Collections\",\"item\":\"https:\\\/\\\/paulemarrot.com\\\/categorie-produit\\\/collections\\\/\"},{\"@type\":\"ListItem\",\"position\":3,\"name\":\"French Alps\",\"item\":\"https:\\\/\\\/paulemarrot.com\\\/categorie-produit\\\/collections\\\/collections-alpes\\\/\"},{\"@type\":\"ListItem\",\"position\":4,\"name\":\"Art encadr\u00e9 &#8211; Black and white abstract\"}]},{\"@type\":\"WebSite\",\"@id\":\"https:\\\/\\\/paulemarrot.com\\\/#website\",\"url\":\"https:\\\/\\\/paulemarrot.com\\\/\",\"name\":\"Paule Marrot\",\"description\":\"\",\"publisher\":{\"@id\":\"https:\\\/\\\/paulemarrot.com\\\/#organization\"},\"potentialAction\":[{\"@type\":\"SearchAction\",\"target\":{\"@type\":\"EntryPoint\",\"urlTemplate\":\"https:\\\/\\\/paulemarrot.com\\\/?s={search_term_string}\"},\"query-input\":{\"@type\":\"PropertyValueSpecification\",\"valueRequired\":true,\"valueName\":\"search_term_string\"}}],\"inLanguage\":\"en-US\"},{\"@type\":\"Organization\",\"@id\":\"https:\\\/\\\/paulemarrot.com\\\/#organization\",\"name\":\"Paule Marrot\",\"url\":\"https:\\\/\\\/paulemarrot.com\\\/\",\"logo\":{\"@type\":\"ImageObject\",\"inLanguage\":\"en-US\",\"@id\":\"https:\\\/\\\/paulemarrot.com\\\/#\\\/schema\\\/logo\\\/image\\\/\",\"url\":\"https:\\\/\\\/paulemarrot.com\\\/wp-content\\\/uploads\\\/2023\\\/03\\\/Capture-decran-2025-12-04-a-09.42.06.png\",\"contentUrl\":\"https:\\\/\\\/paulemarrot.com\\\/wp-content\\\/uploads\\\/2023\\\/03\\\/Capture-decran-2025-12-04-a-09.42.06.png\",\"width\":1370,\"height\":792,\"caption\":\"Paule Marrot\"},\"image\":{\"@id\":\"https:\\\/\\\/paulemarrot.com\\\/#\\\/schema\\\/logo\\\/image\\\/\"}}]}<\/script>\n<!-- \/ Yoast SEO plugin. -->","yoast_head_json":{"title":"Art encadr\u00e9 - Black and white abstract - Paule Marrot","description":"Black and White Abstract de Paule Marrot, collection Alpes 2026. \u0152uvre abstraite noir et blanc, 137 \u00d7 107 cm, cadre acrylique profond.","robots":{"index":"index","follow":"follow","max-snippet":"max-snippet:-1","max-image-preview":"max-image-preview:large","max-video-preview":"max-video-preview:-1"},"canonical":"https:\/\/paulemarrot.com\/produit\/art-encadre-blackandwhiteabstract\/","og_locale":"en_US","og_type":"article","og_title":"Art encadr\u00e9 - Black and white abstract - Paule Marrot","og_description":"Black and White Abstract de Paule Marrot, collection Alpes 2026. \u0152uvre abstraite noir et blanc, 137 \u00d7 107 cm, cadre acrylique profond.","og_url":"https:\/\/paulemarrot.com\/produit\/art-encadre-blackandwhiteabstract\/","og_site_name":"Paule Marrot","article_modified_time":"2025-12-20T08:11:13+00:00","og_image":[{"url":"https:\/\/paulemarrot.com\/wp-content\/uploads\/2025\/12\/Photoroom_20251220_081019.png","width":1024,"height":1024,"type":"image\/png"}],"twitter_card":"summary_large_image","twitter_misc":{"Est. reading time":"1 minute"},"schema":{"@context":"https:\/\/schema.org","@graph":[{"@type":"WebPage","@id":"https:\/\/paulemarrot.com\/produit\/art-encadre-blackandwhiteabstract\/","url":"https:\/\/paulemarrot.com\/produit\/art-encadre-blackandwhiteabstract\/","name":"Art encadr\u00e9 - Black and white abstract - Paule Marrot","isPartOf":{"@id":"https:\/\/paulemarrot.com\/#website"},"primaryImageOfPage":{"@id":"https:\/\/paulemarrot.com\/produit\/art-encadre-blackandwhiteabstract\/#primaryimage"},"image":{"@id":"https:\/\/paulemarrot.com\/produit\/art-encadre-blackandwhiteabstract\/#primaryimage"},"thumbnailUrl":"https:\/\/paulemarrot.com\/wp-content\/uploads\/2025\/12\/Photoroom_20251220_081019.png","datePublished":"2025-12-20T07:58:11+00:00","dateModified":"2025-12-20T08:11:13+00:00","description":"Black and White Abstract de Paule Marrot, collection Alpes 2026. \u0152uvre abstraite noir et blanc, 137 \u00d7 107 cm, cadre acrylique profond.","breadcrumb":{"@id":"https:\/\/paulemarrot.com\/produit\/art-encadre-blackandwhiteabstract\/#breadcrumb"},"inLanguage":"en-US","potentialAction":[{"@type":"ReadAction","target":["https:\/\/paulemarrot.com\/produit\/art-encadre-blackandwhiteabstract\/"]}]},{"@type":"ImageObject","inLanguage":"en-US","@id":"https:\/\/paulemarrot.com\/produit\/art-encadre-blackandwhiteabstract\/#primaryimage","url":"https:\/\/paulemarrot.com\/wp-content\/uploads\/2025\/12\/Photoroom_20251220_081019.png","contentUrl":"https:\/\/paulemarrot.com\/wp-content\/uploads\/2025\/12\/Photoroom_20251220_081019.png","width":1024,"height":1024},{"@type":"BreadcrumbList","@id":"https:\/\/paulemarrot.com\/produit\/art-encadre-blackandwhiteabstract\/#breadcrumb","itemListElement":[{"@type":"ListItem","position":1,"name":"Store","item":"https:\/\/paulemarrot.com\/store\/"},{"@type":"ListItem","position":2,"name":"Collections","item":"https:\/\/paulemarrot.com\/categorie-produit\/collections\/"},{"@type":"ListItem","position":3,"name":"French Alps","item":"https:\/\/paulemarrot.com\/categorie-produit\/collections\/collections-alpes\/"},{"@type":"ListItem","position":4,"name":"Art encadr\u00e9 &#8211; Black and white abstract"}]},{"@type":"WebSite","@id":"https:\/\/paulemarrot.com\/#website","url":"https:\/\/paulemarrot.com\/","name":"Paule Marrot","description":"","publisher":{"@id":"https:\/\/paulemarrot.com\/#organization"},"potentialAction":[{"@type":"SearchAction","target":{"@type":"EntryPoint","urlTemplate":"https:\/\/paulemarrot.com\/?s={search_term_string}"},"query-input":{"@type":"PropertyValueSpecification","valueRequired":true,"valueName":"search_term_string"}}],"inLanguage":"en-US"},{"@type":"Organization","@id":"https:\/\/paulemarrot.com\/#organization","name":"Paule Marrot","url":"https:\/\/paulemarrot.com\/","logo":{"@type":"ImageObject","inLanguage":"en-US","@id":"https:\/\/paulemarrot.com\/#\/schema\/logo\/image\/","url":"https:\/\/paulemarrot.com\/wp-content\/uploads\/2023\/03\/Capture-decran-2025-12-04-a-09.42.06.png","contentUrl":"https:\/\/paulemarrot.com\/wp-content\/uploads\/2023\/03\/Capture-decran-2025-12-04-a-09.42.06.png","width":1370,"height":792,"caption":"Paule Marrot"},"image":{"@id":"https:\/\/paulemarrot.com\/#\/schema\/logo\/image\/"}}]}},"_links":{"self":[{"href":"https:\/\/paulemarrot.com\/en\/wp-json\/wp\/v2\/product\/5084","targetHints":{"allow":["GET"]}}],"collection":[{"href":"https:\/\/paulemarrot.com\/en\/wp-json\/wp\/v2\/product"}],"about":[{"href":"https:\/\/paulemarrot.com\/en\/wp-json\/wp\/v2\/types\/product"}],"version-history":[{"count":1,"href":"https:\/\/paulemarrot.com\/en\/wp-json\/wp\/v2\/product\/5084\/revisions"}],"predecessor-version":[{"id":5093,"href":"https:\/\/paulemarrot.com\/en\/wp-json\/wp\/v2\/product\/5084\/revisions\/5093"}],"wp:featuredmedia":[{"embeddable":true,"href":"https:\/\/paulemarrot.com\/en\/wp-json\/wp\/v2\/media\/5085"}],"wp:attachment":[{"href":"https:\/\/paulemarrot.com\/en\/wp-json\/wp\/v2\/media?parent=5084"}],"wp:term":[{"taxonomy":"product_cat","embeddable":true,"href":"https:\/\/paulemarrot.com\/en\/wp-json\/wp\/v2\/product_cat?post=5084"},{"taxonomy":"product_tag","embeddable":true,"href":"https:\/\/paulemarrot.com\/en\/wp-json\/wp\/v2\/product_tag?post=5084"}],"curies":[{"name":"wp","href":"https:\/\/api.w.org\/{rel}","templated":true}]}}