{"id":5003,"date":"2025-12-19T17:36:13","date_gmt":"2025-12-19T16:36:13","guid":{"rendered":"https:\/\/paulemarrot.com\/?post_type=product&#038;p=5003"},"modified":"2025-12-19T21:26:10","modified_gmt":"2025-12-19T20:26:10","slug":"plaid-amparo","status":"publish","type":"product","link":"https:\/\/paulemarrot.com\/en\/product\/plaid-amparo\/","title":{"rendered":"Plaid &#8211; Amparo"},"content":{"rendered":"<p>D\u00e9couvrez notre <strong>plaid Amparo<\/strong> en polaire 100 % microfibre, d\u00e9cor\u00e9 du motif embl\u00e9matique \u00ab Amparo \u00bb, signature florale de la collection <strong>Alpes<\/strong>.<\/p>\n<p>Ce dessin g\u00e9n\u00e9reux s\u2019inspire de la douceur des fleurs et de la lumi\u00e8re des montagnes. Il apporte chaleur et raffinement \u00e0 tous les int\u00e9rieurs, du chalet \u00e0 l\u2019appartement urbain.<\/p>\n<p>Sa polaire ultra-douce diffuse une agr\u00e9able chaleur. Le plaid reste l\u00e9ger et confortable, en toute saison.<\/p>\n<p>Il est id\u00e9al pour\u00a0:<\/p>\n<ul>\n<li>Habiller \u00e9l\u00e9gamment votre salon ou votre chambre avec l\u2019un des dessins phares de la collection Alpes.<\/li>\n<li>Cr\u00e9er un cocon de confort pour les soir\u00e9es d\u2019hiver, les moments lecture ou les siestes.<\/li>\n<li>Servir de jet\u00e9 d\u2019appoint pour r\u00e9chauffer une ambiance ou apporter une touche d\u00e9corative.<\/li>\n<\/ul>\n<p>Fabriqu\u00e9 en microfibre ultra-douce et imprim\u00e9 avec des encres v\u00e9g\u00e9tales, ce plaid est durable, respectueux de votre int\u00e9rieur et facile d\u2019entretien (lavage en machine \u00e0 30\u00a0\u00b0C).<\/p>\n<p>Il est disponible en deux tailles\u00a0:<\/p>\n<ul>\n<li>S (125\u00a0\u00d7\u00a0150\u00a0cm)<\/li>\n<li>L (150\u00a0\u00d7\u00a0200\u00a0cm)<\/li>\n<\/ul>\n<p>Ce <strong>plaid Amparo<\/strong> signature met \u00e0 l\u2019honneur le motif \u00ab\u00a0Pivoines\u00a0\u00bb et apporte une touche d\u2019\u00e9l\u00e9gance fran\u00e7aise \u00e0 votre maison.<\/p>\n","protected":false},"excerpt":{"rendered":"<p><strong>Plaid Amparo<\/strong>\u00a0en microfibre 100\u00a0% ultra-douce, imprim\u00e9 du motif floral \u00ab\u00a0Pivoines\u00a0\u00bb, pour apporter chaleur et \u00e9l\u00e9gance au canap\u00e9, au lit ou \u00e0 vos moments de d\u00e9tente.<\/p>\n","protected":false},"featured_media":3753,"template":"","meta":{"neve_meta_sidebar":"","neve_meta_container":"","neve_meta_enable_content_width":"off","neve_meta_content_width":100,"neve_meta_title_alignment":"","neve_meta_author_avatar":"","neve_post_elements_order":"","neve_meta_disable_header":"","neve_meta_disable_footer":"","neve_meta_disable_title":""},"product_cat":[194,152],"product_tag":[],"class_list":{"0":"post-5003","1":"product","2":"type-product","3":"status-publish","4":"has-post-thumbnail","6":"product_cat-collections-alpes","7":"product_cat-plaids","9":"first","10":"instock","11":"taxable","12":"shipping-taxable","13":"purchasable","14":"product-type-variable"},"yoast_head":"<!-- This site is optimized with the Yoast SEO plugin v27.5 - https:\/\/yoast.com\/product\/yoast-seo-wordpress\/ -->\n<title>Plaid - Amparo - Paule Marrot<\/title>\n<meta name=\"description\" content=\"Plaid 100 % microfibre, d\u00e9cor\u00e9 du motif floral Amparo, collection Alpes. Un plaid doux, \u00e9l\u00e9gant et facile d\u2019entretien pour r\u00e9chauffer salon et chambre.\" \/>\n<meta name=\"robots\" content=\"index, follow, max-snippet:-1, max-image-preview:large, max-video-preview:-1\" \/>\n<link rel=\"canonical\" href=\"https:\/\/paulemarrot.com\/produit\/plaid-amparo\/\" \/>\n<meta property=\"og:locale\" content=\"en_US\" \/>\n<meta property=\"og:type\" content=\"article\" \/>\n<meta property=\"og:title\" content=\"Plaid - Amparo - Paule Marrot\" \/>\n<meta property=\"og:description\" content=\"Plaid 100 % microfibre, d\u00e9cor\u00e9 du motif floral Amparo, collection Alpes. Un plaid doux, \u00e9l\u00e9gant et facile d\u2019entretien pour r\u00e9chauffer salon et chambre.\" \/>\n<meta property=\"og:url\" content=\"https:\/\/paulemarrot.com\/produit\/plaid-amparo\/\" \/>\n<meta property=\"og:site_name\" content=\"Paule Marrot\" \/>\n<meta property=\"article:modified_time\" content=\"2025-12-19T20:26:10+00:00\" \/>\n<meta property=\"og:image\" content=\"https:\/\/paulemarrot.com\/wp-content\/uploads\/2025\/12\/Photoroom_20251127_194330.png\" \/>\n\t<meta property=\"og:image:width\" content=\"1024\" \/>\n\t<meta property=\"og:image:height\" content=\"1024\" \/>\n\t<meta property=\"og:image:type\" content=\"image\/png\" \/>\n<meta name=\"twitter:card\" content=\"summary_large_image\" \/>\n<meta name=\"twitter:label1\" content=\"Est. reading time\" \/>\n\t<meta name=\"twitter:data1\" content=\"2 minutes\" \/>\n<script type=\"application\/ld+json\" class=\"yoast-schema-graph\">{\"@context\":\"https:\\\/\\\/schema.org\",\"@graph\":[{\"@type\":\"WebPage\",\"@id\":\"https:\\\/\\\/paulemarrot.com\\\/produit\\\/plaid-amparo\\\/\",\"url\":\"https:\\\/\\\/paulemarrot.com\\\/produit\\\/plaid-amparo\\\/\",\"name\":\"Plaid - Amparo - Paule Marrot\",\"isPartOf\":{\"@id\":\"https:\\\/\\\/paulemarrot.com\\\/#website\"},\"primaryImageOfPage\":{\"@id\":\"https:\\\/\\\/paulemarrot.com\\\/produit\\\/plaid-amparo\\\/#primaryimage\"},\"image\":{\"@id\":\"https:\\\/\\\/paulemarrot.com\\\/produit\\\/plaid-amparo\\\/#primaryimage\"},\"thumbnailUrl\":\"https:\\\/\\\/paulemarrot.com\\\/wp-content\\\/uploads\\\/2025\\\/12\\\/Photoroom_20251127_194330.png\",\"datePublished\":\"2025-12-19T16:36:13+00:00\",\"dateModified\":\"2025-12-19T20:26:10+00:00\",\"description\":\"Plaid 100 % microfibre, d\u00e9cor\u00e9 du motif floral Amparo, collection Alpes. Un plaid doux, \u00e9l\u00e9gant et facile d\u2019entretien pour r\u00e9chauffer salon et chambre.\",\"breadcrumb\":{\"@id\":\"https:\\\/\\\/paulemarrot.com\\\/produit\\\/plaid-amparo\\\/#breadcrumb\"},\"inLanguage\":\"en-US\",\"potentialAction\":[{\"@type\":\"ReadAction\",\"target\":[\"https:\\\/\\\/paulemarrot.com\\\/produit\\\/plaid-amparo\\\/\"]}]},{\"@type\":\"ImageObject\",\"inLanguage\":\"en-US\",\"@id\":\"https:\\\/\\\/paulemarrot.com\\\/produit\\\/plaid-amparo\\\/#primaryimage\",\"url\":\"https:\\\/\\\/paulemarrot.com\\\/wp-content\\\/uploads\\\/2025\\\/12\\\/Photoroom_20251127_194330.png\",\"contentUrl\":\"https:\\\/\\\/paulemarrot.com\\\/wp-content\\\/uploads\\\/2025\\\/12\\\/Photoroom_20251127_194330.png\",\"width\":1024,\"height\":1024},{\"@type\":\"BreadcrumbList\",\"@id\":\"https:\\\/\\\/paulemarrot.com\\\/produit\\\/plaid-amparo\\\/#breadcrumb\",\"itemListElement\":[{\"@type\":\"ListItem\",\"position\":1,\"name\":\"Store\",\"item\":\"https:\\\/\\\/paulemarrot.com\\\/store\\\/\"},{\"@type\":\"ListItem\",\"position\":2,\"name\":\"Collections\",\"item\":\"https:\\\/\\\/paulemarrot.com\\\/categorie-produit\\\/collections\\\/\"},{\"@type\":\"ListItem\",\"position\":3,\"name\":\"French Alps\",\"item\":\"https:\\\/\\\/paulemarrot.com\\\/categorie-produit\\\/collections\\\/collections-alpes\\\/\"},{\"@type\":\"ListItem\",\"position\":4,\"name\":\"Plaid &#8211; Amparo\"}]},{\"@type\":\"WebSite\",\"@id\":\"https:\\\/\\\/paulemarrot.com\\\/#website\",\"url\":\"https:\\\/\\\/paulemarrot.com\\\/\",\"name\":\"Paule Marrot\",\"description\":\"\",\"publisher\":{\"@id\":\"https:\\\/\\\/paulemarrot.com\\\/#organization\"},\"potentialAction\":[{\"@type\":\"SearchAction\",\"target\":{\"@type\":\"EntryPoint\",\"urlTemplate\":\"https:\\\/\\\/paulemarrot.com\\\/?s={search_term_string}\"},\"query-input\":{\"@type\":\"PropertyValueSpecification\",\"valueRequired\":true,\"valueName\":\"search_term_string\"}}],\"inLanguage\":\"en-US\"},{\"@type\":\"Organization\",\"@id\":\"https:\\\/\\\/paulemarrot.com\\\/#organization\",\"name\":\"Paule Marrot\",\"url\":\"https:\\\/\\\/paulemarrot.com\\\/\",\"logo\":{\"@type\":\"ImageObject\",\"inLanguage\":\"en-US\",\"@id\":\"https:\\\/\\\/paulemarrot.com\\\/#\\\/schema\\\/logo\\\/image\\\/\",\"url\":\"https:\\\/\\\/paulemarrot.com\\\/wp-content\\\/uploads\\\/2023\\\/03\\\/Capture-decran-2025-12-04-a-09.42.06.png\",\"contentUrl\":\"https:\\\/\\\/paulemarrot.com\\\/wp-content\\\/uploads\\\/2023\\\/03\\\/Capture-decran-2025-12-04-a-09.42.06.png\",\"width\":1370,\"height\":792,\"caption\":\"Paule Marrot\"},\"image\":{\"@id\":\"https:\\\/\\\/paulemarrot.com\\\/#\\\/schema\\\/logo\\\/image\\\/\"}}]}<\/script>\n<!-- \/ Yoast SEO plugin. -->","yoast_head_json":{"title":"Plaid - Amparo - Paule Marrot","description":"Plaid 100 % microfibre, d\u00e9cor\u00e9 du motif floral Amparo, collection Alpes. Un plaid doux, \u00e9l\u00e9gant et facile d\u2019entretien pour r\u00e9chauffer salon et chambre.","robots":{"index":"index","follow":"follow","max-snippet":"max-snippet:-1","max-image-preview":"max-image-preview:large","max-video-preview":"max-video-preview:-1"},"canonical":"https:\/\/paulemarrot.com\/produit\/plaid-amparo\/","og_locale":"en_US","og_type":"article","og_title":"Plaid - Amparo - Paule Marrot","og_description":"Plaid 100 % microfibre, d\u00e9cor\u00e9 du motif floral Amparo, collection Alpes. Un plaid doux, \u00e9l\u00e9gant et facile d\u2019entretien pour r\u00e9chauffer salon et chambre.","og_url":"https:\/\/paulemarrot.com\/produit\/plaid-amparo\/","og_site_name":"Paule Marrot","article_modified_time":"2025-12-19T20:26:10+00:00","og_image":[{"url":"https:\/\/paulemarrot.com\/wp-content\/uploads\/2025\/12\/Photoroom_20251127_194330.png","width":1024,"height":1024,"type":"image\/png"}],"twitter_card":"summary_large_image","twitter_misc":{"Est. reading time":"2 minutes"},"schema":{"@context":"https:\/\/schema.org","@graph":[{"@type":"WebPage","@id":"https:\/\/paulemarrot.com\/produit\/plaid-amparo\/","url":"https:\/\/paulemarrot.com\/produit\/plaid-amparo\/","name":"Plaid - Amparo - Paule Marrot","isPartOf":{"@id":"https:\/\/paulemarrot.com\/#website"},"primaryImageOfPage":{"@id":"https:\/\/paulemarrot.com\/produit\/plaid-amparo\/#primaryimage"},"image":{"@id":"https:\/\/paulemarrot.com\/produit\/plaid-amparo\/#primaryimage"},"thumbnailUrl":"https:\/\/paulemarrot.com\/wp-content\/uploads\/2025\/12\/Photoroom_20251127_194330.png","datePublished":"2025-12-19T16:36:13+00:00","dateModified":"2025-12-19T20:26:10+00:00","description":"Plaid 100 % microfibre, d\u00e9cor\u00e9 du motif floral Amparo, collection Alpes. Un plaid doux, \u00e9l\u00e9gant et facile d\u2019entretien pour r\u00e9chauffer salon et chambre.","breadcrumb":{"@id":"https:\/\/paulemarrot.com\/produit\/plaid-amparo\/#breadcrumb"},"inLanguage":"en-US","potentialAction":[{"@type":"ReadAction","target":["https:\/\/paulemarrot.com\/produit\/plaid-amparo\/"]}]},{"@type":"ImageObject","inLanguage":"en-US","@id":"https:\/\/paulemarrot.com\/produit\/plaid-amparo\/#primaryimage","url":"https:\/\/paulemarrot.com\/wp-content\/uploads\/2025\/12\/Photoroom_20251127_194330.png","contentUrl":"https:\/\/paulemarrot.com\/wp-content\/uploads\/2025\/12\/Photoroom_20251127_194330.png","width":1024,"height":1024},{"@type":"BreadcrumbList","@id":"https:\/\/paulemarrot.com\/produit\/plaid-amparo\/#breadcrumb","itemListElement":[{"@type":"ListItem","position":1,"name":"Store","item":"https:\/\/paulemarrot.com\/store\/"},{"@type":"ListItem","position":2,"name":"Collections","item":"https:\/\/paulemarrot.com\/categorie-produit\/collections\/"},{"@type":"ListItem","position":3,"name":"French Alps","item":"https:\/\/paulemarrot.com\/categorie-produit\/collections\/collections-alpes\/"},{"@type":"ListItem","position":4,"name":"Plaid &#8211; Amparo"}]},{"@type":"WebSite","@id":"https:\/\/paulemarrot.com\/#website","url":"https:\/\/paulemarrot.com\/","name":"Paule Marrot","description":"","publisher":{"@id":"https:\/\/paulemarrot.com\/#organization"},"potentialAction":[{"@type":"SearchAction","target":{"@type":"EntryPoint","urlTemplate":"https:\/\/paulemarrot.com\/?s={search_term_string}"},"query-input":{"@type":"PropertyValueSpecification","valueRequired":true,"valueName":"search_term_string"}}],"inLanguage":"en-US"},{"@type":"Organization","@id":"https:\/\/paulemarrot.com\/#organization","name":"Paule Marrot","url":"https:\/\/paulemarrot.com\/","logo":{"@type":"ImageObject","inLanguage":"en-US","@id":"https:\/\/paulemarrot.com\/#\/schema\/logo\/image\/","url":"https:\/\/paulemarrot.com\/wp-content\/uploads\/2023\/03\/Capture-decran-2025-12-04-a-09.42.06.png","contentUrl":"https:\/\/paulemarrot.com\/wp-content\/uploads\/2023\/03\/Capture-decran-2025-12-04-a-09.42.06.png","width":1370,"height":792,"caption":"Paule Marrot"},"image":{"@id":"https:\/\/paulemarrot.com\/#\/schema\/logo\/image\/"}}]}},"_links":{"self":[{"href":"https:\/\/paulemarrot.com\/en\/wp-json\/wp\/v2\/product\/5003","targetHints":{"allow":["GET"]}}],"collection":[{"href":"https:\/\/paulemarrot.com\/en\/wp-json\/wp\/v2\/product"}],"about":[{"href":"https:\/\/paulemarrot.com\/en\/wp-json\/wp\/v2\/types\/product"}],"version-history":[{"count":1,"href":"https:\/\/paulemarrot.com\/en\/wp-json\/wp\/v2\/product\/5003\/revisions"}],"predecessor-version":[{"id":5012,"href":"https:\/\/paulemarrot.com\/en\/wp-json\/wp\/v2\/product\/5003\/revisions\/5012"}],"wp:featuredmedia":[{"embeddable":true,"href":"https:\/\/paulemarrot.com\/en\/wp-json\/wp\/v2\/media\/3753"}],"wp:attachment":[{"href":"https:\/\/paulemarrot.com\/en\/wp-json\/wp\/v2\/media?parent=5003"}],"wp:term":[{"taxonomy":"product_cat","embeddable":true,"href":"https:\/\/paulemarrot.com\/en\/wp-json\/wp\/v2\/product_cat?post=5003"},{"taxonomy":"product_tag","embeddable":true,"href":"https:\/\/paulemarrot.com\/en\/wp-json\/wp\/v2\/product_tag?post=5003"}],"curies":[{"name":"wp","href":"https:\/\/api.w.org\/{rel}","templated":true}]}}