{"id":2792,"date":"2024-06-07T13:56:49","date_gmt":"2024-06-07T11:56:49","guid":{"rendered":"https:\/\/paulemarrot.com\/produit\/guermantes-rose\/"},"modified":"2024-06-07T15:18:43","modified_gmt":"2024-06-07T13:18:43","slug":"guermantes-rose","status":"publish","type":"product","link":"https:\/\/paulemarrot.com\/en\/product\/guermantes-rose\/","title":{"rendered":"Guermantes rose"},"content":{"rendered":"<p>Ref 204 &#8211; Guermantes \u00a0rose<\/p>\n<p>100 % Coton popeline<\/p>\n<p>Laize 137 cm &#8211; Rapport en hauteur 89 cm<\/p>\n<p>Width 54 inches &#8211; Hight repeat 35 1\/4 inches<\/p>\n<p><img decoding=\"async\" class=\"alignnone wp-image-2701\" src=\"https:\/\/paulemarrot.com\/wp-content\/uploads\/2024\/04\/Pas-de-lavage.jpeg\" alt=\"Lavage interdit\" width=\"54\" height=\"46\" srcset=\"https:\/\/paulemarrot.com\/wp-content\/uploads\/2024\/04\/Pas-de-lavage.jpeg 154w, https:\/\/paulemarrot.com\/wp-content\/uploads\/2024\/04\/Pas-de-lavage-150x130.jpeg 150w\" sizes=\"(max-width: 54px) 100vw, 54px\" \/><img decoding=\"async\" class=\"alignnone wp-image-2703\" src=\"https:\/\/paulemarrot.com\/wp-content\/uploads\/2024\/04\/Repassage-200\u00b0.jpeg\" alt=\"\" width=\"68\" height=\"46\" \/>\u00a0<img decoding=\"async\" class=\"alignnone wp-image-2699\" src=\"https:\/\/paulemarrot.com\/wp-content\/uploads\/2024\/04\/sechage-interdit.jpeg\" alt=\"\" width=\"48\" height=\"48\" \/><img loading=\"lazy\" decoding=\"async\" class=\"alignnone wp-image-2697\" src=\"https:\/\/paulemarrot.com\/wp-content\/uploads\/2024\/04\/detachant-interdit.jpeg\" alt=\"\" width=\"49\" height=\"46\" \/><img loading=\"lazy\" decoding=\"async\" class=\"alignnone wp-image-2705\" src=\"https:\/\/paulemarrot.com\/wp-content\/uploads\/2024\/04\/netayage-.jpeg\" alt=\"\" width=\"46\" height=\"50\" \/><\/p>\n","protected":false},"excerpt":{"rendered":"<p>Ref 204 &#8211; Guermantes \u00a0Pink<\/p>\n<p>Printed fabric &#8211; Available per yard<\/p>\n<p>100 % Cotton popeline<\/p>\n","protected":false},"featured_media":2797,"template":"","meta":{"neve_meta_sidebar":"","neve_meta_container":"","neve_meta_enable_content_width":"off","neve_meta_content_width":100,"neve_meta_title_alignment":"","neve_meta_author_avatar":"","neve_post_elements_order":"","neve_meta_disable_header":"","neve_meta_disable_footer":"","neve_meta_disable_title":""},"product_cat":[51,116],"product_tag":[],"class_list":{"0":"post-2792","1":"product","2":"type-product","3":"status-publish","4":"has-post-thumbnail","6":"product_cat-home","7":"product_cat-printed-fabrics","9":"first","10":"instock","11":"taxable","12":"shipping-taxable","13":"purchasable","14":"product-type-simple"},"yoast_head":"<!-- This site is optimized with the Yoast SEO plugin v27.5 - https:\/\/yoast.com\/product\/yoast-seo-wordpress\/ -->\n<title>Guermantes rose - Paule Marrot<\/title>\n<meta name=\"description\" content=\"Plongez dans l&#039;univers d&#039;Inconic, votre destination exclusive pour les cr\u00e9ations inspir\u00e9es par l&#039;artiste Paule Marrot. D\u00e9couvrez notre collection unique de tulipes, parfaitement con\u00e7ues pour capturer l&#039;essence de l&#039;\u00e9l\u00e9gance et de la beaut\u00e9 naturelle. Faites votre choix parmi une vari\u00e9t\u00e9 de designs exceptionnels et apportez une touche d&#039;art et de raffinement \u00e0 votre quotidien. Achetez maintenant pour une livraison rapide.\" \/>\n<meta name=\"robots\" content=\"index, follow, max-snippet:-1, max-image-preview:large, max-video-preview:-1\" \/>\n<link rel=\"canonical\" href=\"https:\/\/paulemarrot.com\/product\/tissu-imprime-guermantes-rose\/\" \/>\n<meta property=\"og:locale\" content=\"en_US\" \/>\n<meta property=\"og:type\" content=\"article\" \/>\n<meta property=\"og:title\" content=\"Guermantes rose - Paule Marrot\" \/>\n<meta property=\"og:description\" content=\"Plongez dans l&#039;univers d&#039;Inconic, votre destination exclusive pour les cr\u00e9ations inspir\u00e9es par l&#039;artiste Paule Marrot. D\u00e9couvrez notre collection unique de tulipes, parfaitement con\u00e7ues pour capturer l&#039;essence de l&#039;\u00e9l\u00e9gance et de la beaut\u00e9 naturelle. Faites votre choix parmi une vari\u00e9t\u00e9 de designs exceptionnels et apportez une touche d&#039;art et de raffinement \u00e0 votre quotidien. Achetez maintenant pour une livraison rapide.\" \/>\n<meta property=\"og:url\" content=\"https:\/\/paulemarrot.com\/product\/tissu-imprime-guermantes-rose\/\" \/>\n<meta property=\"og:site_name\" content=\"Paule Marrot\" \/>\n<meta property=\"article:modified_time\" content=\"2024-06-07T13:18:43+00:00\" \/>\n<meta property=\"og:image\" content=\"https:\/\/paulemarrot.com\/wp-content\/uploads\/2024\/06\/Guermantes-Pink.jpg\" \/>\n\t<meta property=\"og:image:width\" content=\"1181\" \/>\n\t<meta property=\"og:image:height\" content=\"777\" \/>\n\t<meta property=\"og:image:type\" content=\"image\/jpeg\" \/>\n<meta name=\"twitter:card\" content=\"summary_large_image\" \/>\n<meta name=\"twitter:label1\" content=\"Est. reading time\" \/>\n\t<meta name=\"twitter:data1\" content=\"2 minutes\" \/>\n<script type=\"application\/ld+json\" class=\"yoast-schema-graph\">{\"@context\":\"https:\\\/\\\/schema.org\",\"@graph\":[{\"@type\":\"WebPage\",\"@id\":\"https:\\\/\\\/paulemarrot.com\\\/product\\\/tissu-imprime-guermantes-rose\\\/\",\"url\":\"https:\\\/\\\/paulemarrot.com\\\/product\\\/tissu-imprime-guermantes-rose\\\/\",\"name\":\"Guermantes rose - Paule Marrot\",\"isPartOf\":{\"@id\":\"https:\\\/\\\/paulemarrot.com\\\/#website\"},\"primaryImageOfPage\":{\"@id\":\"https:\\\/\\\/paulemarrot.com\\\/product\\\/tissu-imprime-guermantes-rose\\\/#primaryimage\"},\"image\":{\"@id\":\"https:\\\/\\\/paulemarrot.com\\\/product\\\/tissu-imprime-guermantes-rose\\\/#primaryimage\"},\"thumbnailUrl\":\"https:\\\/\\\/paulemarrot.com\\\/wp-content\\\/uploads\\\/2024\\\/06\\\/Guermantes-Pink.jpg\",\"datePublished\":\"2024-06-07T11:56:49+00:00\",\"dateModified\":\"2024-06-07T13:18:43+00:00\",\"description\":\"Plongez dans l'univers d'Inconic, votre destination exclusive pour les cr\u00e9ations inspir\u00e9es par l'artiste Paule Marrot. D\u00e9couvrez notre collection unique de tulipes, parfaitement con\u00e7ues pour capturer l'essence de l'\u00e9l\u00e9gance et de la beaut\u00e9 naturelle. Faites votre choix parmi une vari\u00e9t\u00e9 de designs exceptionnels et apportez une touche d'art et de raffinement \u00e0 votre quotidien. Achetez maintenant pour une livraison rapide.\",\"breadcrumb\":{\"@id\":\"https:\\\/\\\/paulemarrot.com\\\/product\\\/tissu-imprime-guermantes-rose\\\/#breadcrumb\"},\"inLanguage\":\"en-US\",\"potentialAction\":[{\"@type\":\"ReadAction\",\"target\":[\"https:\\\/\\\/paulemarrot.com\\\/product\\\/tissu-imprime-guermantes-rose\\\/\"]}]},{\"@type\":\"ImageObject\",\"inLanguage\":\"en-US\",\"@id\":\"https:\\\/\\\/paulemarrot.com\\\/product\\\/tissu-imprime-guermantes-rose\\\/#primaryimage\",\"url\":\"https:\\\/\\\/paulemarrot.com\\\/wp-content\\\/uploads\\\/2024\\\/06\\\/Guermantes-Pink.jpg\",\"contentUrl\":\"https:\\\/\\\/paulemarrot.com\\\/wp-content\\\/uploads\\\/2024\\\/06\\\/Guermantes-Pink.jpg\",\"width\":1181,\"height\":777},{\"@type\":\"BreadcrumbList\",\"@id\":\"https:\\\/\\\/paulemarrot.com\\\/product\\\/tissu-imprime-guermantes-rose\\\/#breadcrumb\",\"itemListElement\":[{\"@type\":\"ListItem\",\"position\":1,\"name\":\"Store\",\"item\":\"https:\\\/\\\/paulemarrot.com\\\/store\\\/\"},{\"@type\":\"ListItem\",\"position\":2,\"name\":\"Home\",\"item\":\"https:\\\/\\\/paulemarrot.com\\\/en\\\/product-category\\\/home\\\/\"},{\"@type\":\"ListItem\",\"position\":3,\"name\":\"Printed fabrics\",\"item\":\"https:\\\/\\\/paulemarrot.com\\\/en\\\/product-category\\\/home\\\/printed-fabrics\\\/\"},{\"@type\":\"ListItem\",\"position\":4,\"name\":\"Guermantes rose\"}]},{\"@type\":\"WebSite\",\"@id\":\"https:\\\/\\\/paulemarrot.com\\\/#website\",\"url\":\"https:\\\/\\\/paulemarrot.com\\\/\",\"name\":\"Paule Marrot\",\"description\":\"\",\"publisher\":{\"@id\":\"https:\\\/\\\/paulemarrot.com\\\/#organization\"},\"potentialAction\":[{\"@type\":\"SearchAction\",\"target\":{\"@type\":\"EntryPoint\",\"urlTemplate\":\"https:\\\/\\\/paulemarrot.com\\\/?s={search_term_string}\"},\"query-input\":{\"@type\":\"PropertyValueSpecification\",\"valueRequired\":true,\"valueName\":\"search_term_string\"}}],\"inLanguage\":\"en-US\"},{\"@type\":\"Organization\",\"@id\":\"https:\\\/\\\/paulemarrot.com\\\/#organization\",\"name\":\"Paule Marrot\",\"url\":\"https:\\\/\\\/paulemarrot.com\\\/\",\"logo\":{\"@type\":\"ImageObject\",\"inLanguage\":\"en-US\",\"@id\":\"https:\\\/\\\/paulemarrot.com\\\/#\\\/schema\\\/logo\\\/image\\\/\",\"url\":\"https:\\\/\\\/paulemarrot.com\\\/wp-content\\\/uploads\\\/2023\\\/03\\\/Capture-decran-2025-12-04-a-09.42.06.png\",\"contentUrl\":\"https:\\\/\\\/paulemarrot.com\\\/wp-content\\\/uploads\\\/2023\\\/03\\\/Capture-decran-2025-12-04-a-09.42.06.png\",\"width\":1370,\"height\":792,\"caption\":\"Paule Marrot\"},\"image\":{\"@id\":\"https:\\\/\\\/paulemarrot.com\\\/#\\\/schema\\\/logo\\\/image\\\/\"}}]}<\/script>\n<!-- \/ Yoast SEO plugin. -->","yoast_head_json":{"title":"Guermantes rose - Paule Marrot","description":"Plongez dans l'univers d'Inconic, votre destination exclusive pour les cr\u00e9ations inspir\u00e9es par l'artiste Paule Marrot. D\u00e9couvrez notre collection unique de tulipes, parfaitement con\u00e7ues pour capturer l'essence de l'\u00e9l\u00e9gance et de la beaut\u00e9 naturelle. Faites votre choix parmi une vari\u00e9t\u00e9 de designs exceptionnels et apportez une touche d'art et de raffinement \u00e0 votre quotidien. Achetez maintenant pour une livraison rapide.","robots":{"index":"index","follow":"follow","max-snippet":"max-snippet:-1","max-image-preview":"max-image-preview:large","max-video-preview":"max-video-preview:-1"},"canonical":"https:\/\/paulemarrot.com\/product\/tissu-imprime-guermantes-rose\/","og_locale":"en_US","og_type":"article","og_title":"Guermantes rose - Paule Marrot","og_description":"Plongez dans l'univers d'Inconic, votre destination exclusive pour les cr\u00e9ations inspir\u00e9es par l'artiste Paule Marrot. D\u00e9couvrez notre collection unique de tulipes, parfaitement con\u00e7ues pour capturer l'essence de l'\u00e9l\u00e9gance et de la beaut\u00e9 naturelle. Faites votre choix parmi une vari\u00e9t\u00e9 de designs exceptionnels et apportez une touche d'art et de raffinement \u00e0 votre quotidien. Achetez maintenant pour une livraison rapide.","og_url":"https:\/\/paulemarrot.com\/product\/tissu-imprime-guermantes-rose\/","og_site_name":"Paule Marrot","article_modified_time":"2024-06-07T13:18:43+00:00","og_image":[{"width":1181,"height":777,"url":"https:\/\/paulemarrot.com\/wp-content\/uploads\/2024\/06\/Guermantes-Pink.jpg","type":"image\/jpeg"}],"twitter_card":"summary_large_image","twitter_misc":{"Est. reading time":"2 minutes"},"schema":{"@context":"https:\/\/schema.org","@graph":[{"@type":"WebPage","@id":"https:\/\/paulemarrot.com\/product\/tissu-imprime-guermantes-rose\/","url":"https:\/\/paulemarrot.com\/product\/tissu-imprime-guermantes-rose\/","name":"Guermantes rose - Paule Marrot","isPartOf":{"@id":"https:\/\/paulemarrot.com\/#website"},"primaryImageOfPage":{"@id":"https:\/\/paulemarrot.com\/product\/tissu-imprime-guermantes-rose\/#primaryimage"},"image":{"@id":"https:\/\/paulemarrot.com\/product\/tissu-imprime-guermantes-rose\/#primaryimage"},"thumbnailUrl":"https:\/\/paulemarrot.com\/wp-content\/uploads\/2024\/06\/Guermantes-Pink.jpg","datePublished":"2024-06-07T11:56:49+00:00","dateModified":"2024-06-07T13:18:43+00:00","description":"Plongez dans l'univers d'Inconic, votre destination exclusive pour les cr\u00e9ations inspir\u00e9es par l'artiste Paule Marrot. D\u00e9couvrez notre collection unique de tulipes, parfaitement con\u00e7ues pour capturer l'essence de l'\u00e9l\u00e9gance et de la beaut\u00e9 naturelle. Faites votre choix parmi une vari\u00e9t\u00e9 de designs exceptionnels et apportez une touche d'art et de raffinement \u00e0 votre quotidien. Achetez maintenant pour une livraison rapide.","breadcrumb":{"@id":"https:\/\/paulemarrot.com\/product\/tissu-imprime-guermantes-rose\/#breadcrumb"},"inLanguage":"en-US","potentialAction":[{"@type":"ReadAction","target":["https:\/\/paulemarrot.com\/product\/tissu-imprime-guermantes-rose\/"]}]},{"@type":"ImageObject","inLanguage":"en-US","@id":"https:\/\/paulemarrot.com\/product\/tissu-imprime-guermantes-rose\/#primaryimage","url":"https:\/\/paulemarrot.com\/wp-content\/uploads\/2024\/06\/Guermantes-Pink.jpg","contentUrl":"https:\/\/paulemarrot.com\/wp-content\/uploads\/2024\/06\/Guermantes-Pink.jpg","width":1181,"height":777},{"@type":"BreadcrumbList","@id":"https:\/\/paulemarrot.com\/product\/tissu-imprime-guermantes-rose\/#breadcrumb","itemListElement":[{"@type":"ListItem","position":1,"name":"Store","item":"https:\/\/paulemarrot.com\/store\/"},{"@type":"ListItem","position":2,"name":"Home","item":"https:\/\/paulemarrot.com\/en\/product-category\/home\/"},{"@type":"ListItem","position":3,"name":"Printed fabrics","item":"https:\/\/paulemarrot.com\/en\/product-category\/home\/printed-fabrics\/"},{"@type":"ListItem","position":4,"name":"Guermantes rose"}]},{"@type":"WebSite","@id":"https:\/\/paulemarrot.com\/#website","url":"https:\/\/paulemarrot.com\/","name":"Paule Marrot","description":"","publisher":{"@id":"https:\/\/paulemarrot.com\/#organization"},"potentialAction":[{"@type":"SearchAction","target":{"@type":"EntryPoint","urlTemplate":"https:\/\/paulemarrot.com\/?s={search_term_string}"},"query-input":{"@type":"PropertyValueSpecification","valueRequired":true,"valueName":"search_term_string"}}],"inLanguage":"en-US"},{"@type":"Organization","@id":"https:\/\/paulemarrot.com\/#organization","name":"Paule Marrot","url":"https:\/\/paulemarrot.com\/","logo":{"@type":"ImageObject","inLanguage":"en-US","@id":"https:\/\/paulemarrot.com\/#\/schema\/logo\/image\/","url":"https:\/\/paulemarrot.com\/wp-content\/uploads\/2023\/03\/Capture-decran-2025-12-04-a-09.42.06.png","contentUrl":"https:\/\/paulemarrot.com\/wp-content\/uploads\/2023\/03\/Capture-decran-2025-12-04-a-09.42.06.png","width":1370,"height":792,"caption":"Paule Marrot"},"image":{"@id":"https:\/\/paulemarrot.com\/#\/schema\/logo\/image\/"}}]}},"_links":{"self":[{"href":"https:\/\/paulemarrot.com\/en\/wp-json\/wp\/v2\/product\/2792","targetHints":{"allow":["GET"]}}],"collection":[{"href":"https:\/\/paulemarrot.com\/en\/wp-json\/wp\/v2\/product"}],"about":[{"href":"https:\/\/paulemarrot.com\/en\/wp-json\/wp\/v2\/types\/product"}],"version-history":[{"count":3,"href":"https:\/\/paulemarrot.com\/en\/wp-json\/wp\/v2\/product\/2792\/revisions"}],"predecessor-version":[{"id":2800,"href":"https:\/\/paulemarrot.com\/en\/wp-json\/wp\/v2\/product\/2792\/revisions\/2800"}],"wp:featuredmedia":[{"embeddable":true,"href":"https:\/\/paulemarrot.com\/en\/wp-json\/wp\/v2\/media\/2797"}],"wp:attachment":[{"href":"https:\/\/paulemarrot.com\/en\/wp-json\/wp\/v2\/media?parent=2792"}],"wp:term":[{"taxonomy":"product_cat","embeddable":true,"href":"https:\/\/paulemarrot.com\/en\/wp-json\/wp\/v2\/product_cat?post=2792"},{"taxonomy":"product_tag","embeddable":true,"href":"https:\/\/paulemarrot.com\/en\/wp-json\/wp\/v2\/product_tag?post=2792"}],"curies":[{"name":"wp","href":"https:\/\/api.w.org\/{rel}","templated":true}]}}