{"id":2379,"date":"2024-02-09T10:25:08","date_gmt":"2024-02-09T09:25:08","guid":{"rendered":"https:\/\/paulemarrot.com\/?post_type=product&#038;p=2379"},"modified":"2025-11-30T19:47:45","modified_gmt":"2025-11-30T18:47:45","slug":"vulcain","status":"publish","type":"product","link":"https:\/\/paulemarrot.com\/en\/product\/vulcain\/","title":{"rendered":"Vulcain white on black"},"content":{"rendered":"<p>PM-23-0184-AC<\/p>\n<p>Abstract \u2013 Original name \u00a0&#8221; Vulcain &#8221; by Paule Marrot<br \/>\nImage Size: 42\u201d x 54\u201d \u2013 106 cm x 137 cm<br \/>\nFinished Size: 44\u201d x 56\u201d \u2013 111 cm x 142 cm<br \/>\nFrame: Acrylic Box<\/p>\n","protected":false},"excerpt":{"rendered":"<p>PM-23-0184-AC Abstract \u2013 Original name \u00a0&#8221; Vulcain &#8221; by Paule Marrot Image Size: 42\u201d x 54\u201d \u2013 106 cm x 137 cm Finished Size: 44\u201d x 56\u201d \u2013 111 cm x 142 cm Frame: Acrylic Box<\/p>\n","protected":false},"featured_media":3534,"template":"","meta":{"neve_meta_sidebar":"","neve_meta_container":"","neve_meta_enable_content_width":"off","neve_meta_content_width":100,"neve_meta_title_alignment":"","neve_meta_author_avatar":"","neve_post_elements_order":"","neve_meta_disable_header":"","neve_meta_disable_footer":"","neve_meta_disable_title":""},"product_cat":[51,115],"product_tag":[58],"class_list":{"0":"post-2379","1":"product","2":"type-product","3":"status-publish","4":"has-post-thumbnail","6":"product_cat-home","7":"product_cat-framed-art","8":"product_tag-new","10":"first","11":"instock","12":"taxable","13":"shipping-taxable","14":"product-type-simple"},"yoast_head":"<!-- This site is optimized with the Yoast SEO plugin v27.5 - https:\/\/yoast.com\/product\/yoast-seo-wordpress\/ -->\n<title>Vulcain white on black - Paule Marrot<\/title>\n<meta name=\"description\" content=\"Admirez l&#039;\u00e9l\u00e9gance intemporelle de l&#039;art encadr\u00e9 Vulcain en noir et blanc par l&#039;artiste renomm\u00e9e Paule Marrot. Cette pi\u00e8ce d&#039;art d\u00e9co est pr\u00e9sent\u00e9e dans une bo\u00eete acrylique de haute qualit\u00e9, ajoutant une touche de modernit\u00e9 \u00e0 votre d\u00e9coration int\u00e9rieure. Obtenez d\u00e8s maintenant une \u0153uvre d&#039;art unique qui marie habilement le pass\u00e9 et le pr\u00e9sent pour cr\u00e9er une ambiance artistique exceptionnelle dans votre espace.\" \/>\n<meta name=\"robots\" content=\"index, follow, max-snippet:-1, max-image-preview:large, max-video-preview:-1\" \/>\n<link rel=\"canonical\" href=\"https:\/\/paulemarrot.com\/product\/vulcain-art-encadre-paule-marrot\/\" \/>\n<meta property=\"og:locale\" content=\"en_US\" \/>\n<meta property=\"og:type\" content=\"article\" \/>\n<meta property=\"og:title\" content=\"Vulcain white on black - Paule Marrot\" \/>\n<meta property=\"og:description\" content=\"Admirez l&#039;\u00e9l\u00e9gance intemporelle de l&#039;art encadr\u00e9 Vulcain en noir et blanc par l&#039;artiste renomm\u00e9e Paule Marrot. Cette pi\u00e8ce d&#039;art d\u00e9co est pr\u00e9sent\u00e9e dans une bo\u00eete acrylique de haute qualit\u00e9, ajoutant une touche de modernit\u00e9 \u00e0 votre d\u00e9coration int\u00e9rieure. Obtenez d\u00e8s maintenant une \u0153uvre d&#039;art unique qui marie habilement le pass\u00e9 et le pr\u00e9sent pour cr\u00e9er une ambiance artistique exceptionnelle dans votre espace.\" \/>\n<meta property=\"og:url\" content=\"https:\/\/paulemarrot.com\/product\/vulcain-art-encadre-paule-marrot\/\" \/>\n<meta property=\"og:site_name\" content=\"Paule Marrot\" \/>\n<meta property=\"article:modified_time\" content=\"2025-11-30T18:47:45+00:00\" \/>\n<meta property=\"og:image\" content=\"https:\/\/paulemarrot.com\/wp-content\/uploads\/2024\/02\/Photoroom_Vulcain-blanc-sur-noir.png\" \/>\n\t<meta property=\"og:image:width\" content=\"1248\" \/>\n\t<meta property=\"og:image:height\" content=\"832\" \/>\n\t<meta property=\"og:image:type\" content=\"image\/png\" \/>\n<meta name=\"twitter:card\" content=\"summary_large_image\" \/>\n<meta name=\"twitter:label1\" content=\"Est. reading time\" \/>\n\t<meta name=\"twitter:data1\" content=\"1 minute\" \/>\n<script type=\"application\/ld+json\" class=\"yoast-schema-graph\">{\"@context\":\"https:\\\/\\\/schema.org\",\"@graph\":[{\"@type\":\"WebPage\",\"@id\":\"https:\\\/\\\/paulemarrot.com\\\/product\\\/vulcain-art-encadre-paule-marrot\\\/\",\"url\":\"https:\\\/\\\/paulemarrot.com\\\/product\\\/vulcain-art-encadre-paule-marrot\\\/\",\"name\":\"Vulcain white on black - Paule Marrot\",\"isPartOf\":{\"@id\":\"https:\\\/\\\/paulemarrot.com\\\/#website\"},\"primaryImageOfPage\":{\"@id\":\"https:\\\/\\\/paulemarrot.com\\\/product\\\/vulcain-art-encadre-paule-marrot\\\/#primaryimage\"},\"image\":{\"@id\":\"https:\\\/\\\/paulemarrot.com\\\/product\\\/vulcain-art-encadre-paule-marrot\\\/#primaryimage\"},\"thumbnailUrl\":\"https:\\\/\\\/paulemarrot.com\\\/wp-content\\\/uploads\\\/2024\\\/02\\\/Photoroom_Vulcain-blanc-sur-noir.png\",\"datePublished\":\"2024-02-09T09:25:08+00:00\",\"dateModified\":\"2025-11-30T18:47:45+00:00\",\"description\":\"Admirez l'\u00e9l\u00e9gance intemporelle de l'art encadr\u00e9 Vulcain en noir et blanc par l'artiste renomm\u00e9e Paule Marrot. Cette pi\u00e8ce d'art d\u00e9co est pr\u00e9sent\u00e9e dans une bo\u00eete acrylique de haute qualit\u00e9, ajoutant une touche de modernit\u00e9 \u00e0 votre d\u00e9coration int\u00e9rieure. Obtenez d\u00e8s maintenant une \u0153uvre d'art unique qui marie habilement le pass\u00e9 et le pr\u00e9sent pour cr\u00e9er une ambiance artistique exceptionnelle dans votre espace.\",\"breadcrumb\":{\"@id\":\"https:\\\/\\\/paulemarrot.com\\\/product\\\/vulcain-art-encadre-paule-marrot\\\/#breadcrumb\"},\"inLanguage\":\"en-US\",\"potentialAction\":[{\"@type\":\"ReadAction\",\"target\":[\"https:\\\/\\\/paulemarrot.com\\\/product\\\/vulcain-art-encadre-paule-marrot\\\/\"]}]},{\"@type\":\"ImageObject\",\"inLanguage\":\"en-US\",\"@id\":\"https:\\\/\\\/paulemarrot.com\\\/product\\\/vulcain-art-encadre-paule-marrot\\\/#primaryimage\",\"url\":\"https:\\\/\\\/paulemarrot.com\\\/wp-content\\\/uploads\\\/2024\\\/02\\\/Photoroom_Vulcain-blanc-sur-noir.png\",\"contentUrl\":\"https:\\\/\\\/paulemarrot.com\\\/wp-content\\\/uploads\\\/2024\\\/02\\\/Photoroom_Vulcain-blanc-sur-noir.png\",\"width\":1248,\"height\":832},{\"@type\":\"BreadcrumbList\",\"@id\":\"https:\\\/\\\/paulemarrot.com\\\/product\\\/vulcain-art-encadre-paule-marrot\\\/#breadcrumb\",\"itemListElement\":[{\"@type\":\"ListItem\",\"position\":1,\"name\":\"Store\",\"item\":\"https:\\\/\\\/paulemarrot.com\\\/store\\\/\"},{\"@type\":\"ListItem\",\"position\":2,\"name\":\"Home\",\"item\":\"https:\\\/\\\/paulemarrot.com\\\/en\\\/product-category\\\/home\\\/\"},{\"@type\":\"ListItem\",\"position\":3,\"name\":\"Vulcain white on black\"}]},{\"@type\":\"WebSite\",\"@id\":\"https:\\\/\\\/paulemarrot.com\\\/#website\",\"url\":\"https:\\\/\\\/paulemarrot.com\\\/\",\"name\":\"Paule Marrot\",\"description\":\"\",\"publisher\":{\"@id\":\"https:\\\/\\\/paulemarrot.com\\\/#organization\"},\"potentialAction\":[{\"@type\":\"SearchAction\",\"target\":{\"@type\":\"EntryPoint\",\"urlTemplate\":\"https:\\\/\\\/paulemarrot.com\\\/?s={search_term_string}\"},\"query-input\":{\"@type\":\"PropertyValueSpecification\",\"valueRequired\":true,\"valueName\":\"search_term_string\"}}],\"inLanguage\":\"en-US\"},{\"@type\":\"Organization\",\"@id\":\"https:\\\/\\\/paulemarrot.com\\\/#organization\",\"name\":\"Paule Marrot\",\"url\":\"https:\\\/\\\/paulemarrot.com\\\/\",\"logo\":{\"@type\":\"ImageObject\",\"inLanguage\":\"en-US\",\"@id\":\"https:\\\/\\\/paulemarrot.com\\\/#\\\/schema\\\/logo\\\/image\\\/\",\"url\":\"https:\\\/\\\/paulemarrot.com\\\/wp-content\\\/uploads\\\/2023\\\/03\\\/Capture-decran-2025-12-04-a-09.42.06.png\",\"contentUrl\":\"https:\\\/\\\/paulemarrot.com\\\/wp-content\\\/uploads\\\/2023\\\/03\\\/Capture-decran-2025-12-04-a-09.42.06.png\",\"width\":1370,\"height\":792,\"caption\":\"Paule Marrot\"},\"image\":{\"@id\":\"https:\\\/\\\/paulemarrot.com\\\/#\\\/schema\\\/logo\\\/image\\\/\"}}]}<\/script>\n<!-- \/ Yoast SEO plugin. -->","yoast_head_json":{"title":"Vulcain white on black - Paule Marrot","description":"Admirez l'\u00e9l\u00e9gance intemporelle de l'art encadr\u00e9 Vulcain en noir et blanc par l'artiste renomm\u00e9e Paule Marrot. Cette pi\u00e8ce d'art d\u00e9co est pr\u00e9sent\u00e9e dans une bo\u00eete acrylique de haute qualit\u00e9, ajoutant une touche de modernit\u00e9 \u00e0 votre d\u00e9coration int\u00e9rieure. Obtenez d\u00e8s maintenant une \u0153uvre d'art unique qui marie habilement le pass\u00e9 et le pr\u00e9sent pour cr\u00e9er une ambiance artistique exceptionnelle dans votre espace.","robots":{"index":"index","follow":"follow","max-snippet":"max-snippet:-1","max-image-preview":"max-image-preview:large","max-video-preview":"max-video-preview:-1"},"canonical":"https:\/\/paulemarrot.com\/product\/vulcain-art-encadre-paule-marrot\/","og_locale":"en_US","og_type":"article","og_title":"Vulcain white on black - Paule Marrot","og_description":"Admirez l'\u00e9l\u00e9gance intemporelle de l'art encadr\u00e9 Vulcain en noir et blanc par l'artiste renomm\u00e9e Paule Marrot. Cette pi\u00e8ce d'art d\u00e9co est pr\u00e9sent\u00e9e dans une bo\u00eete acrylique de haute qualit\u00e9, ajoutant une touche de modernit\u00e9 \u00e0 votre d\u00e9coration int\u00e9rieure. Obtenez d\u00e8s maintenant une \u0153uvre d'art unique qui marie habilement le pass\u00e9 et le pr\u00e9sent pour cr\u00e9er une ambiance artistique exceptionnelle dans votre espace.","og_url":"https:\/\/paulemarrot.com\/product\/vulcain-art-encadre-paule-marrot\/","og_site_name":"Paule Marrot","article_modified_time":"2025-11-30T18:47:45+00:00","og_image":[{"width":1248,"height":832,"url":"https:\/\/paulemarrot.com\/wp-content\/uploads\/2024\/02\/Photoroom_Vulcain-blanc-sur-noir.png","type":"image\/png"}],"twitter_card":"summary_large_image","twitter_misc":{"Est. reading time":"1 minute"},"schema":{"@context":"https:\/\/schema.org","@graph":[{"@type":"WebPage","@id":"https:\/\/paulemarrot.com\/product\/vulcain-art-encadre-paule-marrot\/","url":"https:\/\/paulemarrot.com\/product\/vulcain-art-encadre-paule-marrot\/","name":"Vulcain white on black - Paule Marrot","isPartOf":{"@id":"https:\/\/paulemarrot.com\/#website"},"primaryImageOfPage":{"@id":"https:\/\/paulemarrot.com\/product\/vulcain-art-encadre-paule-marrot\/#primaryimage"},"image":{"@id":"https:\/\/paulemarrot.com\/product\/vulcain-art-encadre-paule-marrot\/#primaryimage"},"thumbnailUrl":"https:\/\/paulemarrot.com\/wp-content\/uploads\/2024\/02\/Photoroom_Vulcain-blanc-sur-noir.png","datePublished":"2024-02-09T09:25:08+00:00","dateModified":"2025-11-30T18:47:45+00:00","description":"Admirez l'\u00e9l\u00e9gance intemporelle de l'art encadr\u00e9 Vulcain en noir et blanc par l'artiste renomm\u00e9e Paule Marrot. Cette pi\u00e8ce d'art d\u00e9co est pr\u00e9sent\u00e9e dans une bo\u00eete acrylique de haute qualit\u00e9, ajoutant une touche de modernit\u00e9 \u00e0 votre d\u00e9coration int\u00e9rieure. Obtenez d\u00e8s maintenant une \u0153uvre d'art unique qui marie habilement le pass\u00e9 et le pr\u00e9sent pour cr\u00e9er une ambiance artistique exceptionnelle dans votre espace.","breadcrumb":{"@id":"https:\/\/paulemarrot.com\/product\/vulcain-art-encadre-paule-marrot\/#breadcrumb"},"inLanguage":"en-US","potentialAction":[{"@type":"ReadAction","target":["https:\/\/paulemarrot.com\/product\/vulcain-art-encadre-paule-marrot\/"]}]},{"@type":"ImageObject","inLanguage":"en-US","@id":"https:\/\/paulemarrot.com\/product\/vulcain-art-encadre-paule-marrot\/#primaryimage","url":"https:\/\/paulemarrot.com\/wp-content\/uploads\/2024\/02\/Photoroom_Vulcain-blanc-sur-noir.png","contentUrl":"https:\/\/paulemarrot.com\/wp-content\/uploads\/2024\/02\/Photoroom_Vulcain-blanc-sur-noir.png","width":1248,"height":832},{"@type":"BreadcrumbList","@id":"https:\/\/paulemarrot.com\/product\/vulcain-art-encadre-paule-marrot\/#breadcrumb","itemListElement":[{"@type":"ListItem","position":1,"name":"Store","item":"https:\/\/paulemarrot.com\/store\/"},{"@type":"ListItem","position":2,"name":"Home","item":"https:\/\/paulemarrot.com\/en\/product-category\/home\/"},{"@type":"ListItem","position":3,"name":"Vulcain white on black"}]},{"@type":"WebSite","@id":"https:\/\/paulemarrot.com\/#website","url":"https:\/\/paulemarrot.com\/","name":"Paule Marrot","description":"","publisher":{"@id":"https:\/\/paulemarrot.com\/#organization"},"potentialAction":[{"@type":"SearchAction","target":{"@type":"EntryPoint","urlTemplate":"https:\/\/paulemarrot.com\/?s={search_term_string}"},"query-input":{"@type":"PropertyValueSpecification","valueRequired":true,"valueName":"search_term_string"}}],"inLanguage":"en-US"},{"@type":"Organization","@id":"https:\/\/paulemarrot.com\/#organization","name":"Paule Marrot","url":"https:\/\/paulemarrot.com\/","logo":{"@type":"ImageObject","inLanguage":"en-US","@id":"https:\/\/paulemarrot.com\/#\/schema\/logo\/image\/","url":"https:\/\/paulemarrot.com\/wp-content\/uploads\/2023\/03\/Capture-decran-2025-12-04-a-09.42.06.png","contentUrl":"https:\/\/paulemarrot.com\/wp-content\/uploads\/2023\/03\/Capture-decran-2025-12-04-a-09.42.06.png","width":1370,"height":792,"caption":"Paule Marrot"},"image":{"@id":"https:\/\/paulemarrot.com\/#\/schema\/logo\/image\/"}}]}},"_links":{"self":[{"href":"https:\/\/paulemarrot.com\/en\/wp-json\/wp\/v2\/product\/2379","targetHints":{"allow":["GET"]}}],"collection":[{"href":"https:\/\/paulemarrot.com\/en\/wp-json\/wp\/v2\/product"}],"about":[{"href":"https:\/\/paulemarrot.com\/en\/wp-json\/wp\/v2\/types\/product"}],"version-history":[{"count":3,"href":"https:\/\/paulemarrot.com\/en\/wp-json\/wp\/v2\/product\/2379\/revisions"}],"predecessor-version":[{"id":3648,"href":"https:\/\/paulemarrot.com\/en\/wp-json\/wp\/v2\/product\/2379\/revisions\/3648"}],"wp:featuredmedia":[{"embeddable":true,"href":"https:\/\/paulemarrot.com\/en\/wp-json\/wp\/v2\/media\/3534"}],"wp:attachment":[{"href":"https:\/\/paulemarrot.com\/en\/wp-json\/wp\/v2\/media?parent=2379"}],"wp:term":[{"taxonomy":"product_cat","embeddable":true,"href":"https:\/\/paulemarrot.com\/en\/wp-json\/wp\/v2\/product_cat?post=2379"},{"taxonomy":"product_tag","embeddable":true,"href":"https:\/\/paulemarrot.com\/en\/wp-json\/wp\/v2\/product_tag?post=2379"}],"curies":[{"name":"wp","href":"https:\/\/api.w.org\/{rel}","templated":true}]}}